{"id":2,"date":"2021-03-08T14:55:11","date_gmt":"2021-03-08T13:55:11","guid":{"rendered":"http:\/\/stabue-wuerzburg.podcaster.de\/?page_id=2"},"modified":"2022-08-22T09:09:04","modified_gmt":"2022-08-22T07:09:04","slug":"impressum","status":"publish","type":"page","link":"https:\/\/stabue-wuerzburg.podcaster.de\/?page_id=2","title":{"rendered":"Impressum"},"content":{"rendered":"<p>Dieser Podcast wird erstellt durch die<\/p>\n<p><em><strong>Stadtb\u00fccherei W\u00fcrzburg, Marktplatz 9, 97070 W\u00fcrzburg<\/strong><\/em><\/p>\n<p>Verantwortliche Redaktion:<\/p>\n<p>Lambert Zumbr\u00e4gel\u00a0<\/p>\n<p><a href=\"mailto:medienpaedagogik@stadt.wuerzburg.de\">medienpaedagogik@stadt.wuerzburg.de<\/a><\/p>\n<p>0931 373294<\/p>\n\n\n<p><\/p>\n","protected":false},"excerpt":{"rendered":"<p>Dieser Podcast wird erstellt durch die Stadtb\u00fccherei W\u00fcrzburg, Marktplatz 9, 97070 W\u00fcrzburg Verantwortliche Redaktion: Lambert Zumbr\u00e4gel\u00a0 medienpaedagogik@stadt.wuerzburg.de 0931 373294<\/p>\n","protected":false},"author":11055,"featured_media":0,"parent":0,"menu_order":100,"comment_status":"closed","ping_status":"closed","template":"","meta":{"enclosure":"","podcast_author":"","podcast_copyright":"","podcast_website":"","podcast_logo":"","footnotes":""},"class_list":["post-2","page","type-page","status-publish","hentry"],"_links":{"self":[{"href":"https:\/\/stabue-wuerzburg.podcaster.de\/index.php?rest_route=\/wp\/v2\/pages\/2","targetHints":{"allow":["GET"]}}],"collection":[{"href":"https:\/\/stabue-wuerzburg.podcaster.de\/index.php?rest_route=\/wp\/v2\/pages"}],"about":[{"href":"https:\/\/stabue-wuerzburg.podcaster.de\/index.php?rest_route=\/wp\/v2\/types\/page"}],"author":[{"embeddable":true,"href":"https:\/\/stabue-wuerzburg.podcaster.de\/index.php?rest_route=\/wp\/v2\/users\/11055"}],"replies":[{"embeddable":true,"href":"https:\/\/stabue-wuerzburg.podcaster.de\/index.php?rest_route=%2Fwp%2Fv2%2Fcomments&post=2"}],"version-history":[{"count":3,"href":"https:\/\/stabue-wuerzburg.podcaster.de\/index.php?rest_route=\/wp\/v2\/pages\/2\/revisions"}],"predecessor-version":[{"id":97,"href":"https:\/\/stabue-wuerzburg.podcaster.de\/index.php?rest_route=\/wp\/v2\/pages\/2\/revisions\/97"}],"wp:attachment":[{"href":"https:\/\/stabue-wuerzburg.podcaster.de\/index.php?rest_route=%2Fwp%2Fv2%2Fmedia&parent=2"}],"curies":[{"name":"wp","href":"https:\/\/api.w.org\/{rel}","templated":true}]}}